{"id":676,"date":"2016-03-23T16:18:18","date_gmt":"2016-03-23T15:18:18","guid":{"rendered":"https:\/\/www.orgue-en-france.org\/en\/orgue-en-france\/comite-dhonneur\/"},"modified":"2023-11-18T10:08:30","modified_gmt":"2023-11-18T09:08:30","slug":"honorary-board","status":"publish","type":"page","link":"https:\/\/www.orgue-en-france.org\/en\/honorary-board\/","title":{"rendered":"Honorary Board"},"content":{"rendered":"<p>he Honorary Board is composed of leading personalities from the cultural and scientific worlds, and includes:<\/p>\n<p>the organists Marie-Claire Alain\u2009<small>\u2020<\/small>, Suzanne Chaisemartin <small>\u2020<\/small>, Francis Chapelet, Michel Chapuis <small>\u2020<\/small>, Pierre Cogen, Thierry Escaich, Bernard Foccroulle, Marie-Louise Girod-Parrot\u2009<small>\u2020<\/small>, Jean Guillou <small>\u2020<\/small>, Fran\u00e7ois-Henri Houbart, Andr\u00e9 Isoir <small>\u2020<\/small>, Jean-Pierre Leguay, Lo\u00efc Malli\u00e9, Louis Robilliard, Daniel Roth, Ren\u00e9 Saorgin <small>\u2020<\/small>,<\/p>\n<p>the conductors Georges Pr\u00eatre <small>\u2020<\/small> et Kent Nagano,<\/p>\n<p>the composers Gilbert Amy, Edith Canat de Chizy, Pascal Dusapin, Betsy Jolas, Philippe Hersant,<\/p>\n<p>the pianists Pierre-Laurent Aimard, Roger Muraro,<\/p>\n<p>the trumpeter Roger Delmotte,<\/p>\n<p>the astronaut Jean-Loup Chr\u00e9tien,<\/p>\n<p>the actress Brigitte Fossey and the movie director Coline Serreau,<\/p>\n<p>the radio producer Anne Montaron,<\/p>\n<p><em>and<\/em><br \/>\nJean-Marc Ayrault, President Organ in Pays de Loire, former Prime Minister,<\/p>\n<p>Hubert Blanc, Honorary State Counsel, former Governor,<\/p>\n<p>Xavier Darcos, Ambassador for French External Political Cultural Policy,<\/p>\n<p>Bertrand Dufourcq <small>\u2020<\/small>, French Ambassador, former president of the Fondation de France,<\/p>\n<p>Claude Imauven, president IMT, Artelia Orano, former CEO St Gobain<\/p>\n<p>Daniel Rondeau, writer, French Ambassador to UNESCO.<\/p>\n","protected":false},"excerpt":{"rendered":"<p>he Honorary Board is composed of leading personalities from the cultural and scientific worlds, and includes: the organists Marie-Claire Alain\u2009\u2020, Suzanne Chaisemartin \u2020, Francis Chapelet, Michel Chapuis \u2020, Pierre Cogen, Thierry Escaich, Bernard Foccroulle, Marie-Louise Girod-Parrot\u2009\u2020, Jean Guillou \u2020, Fran\u00e7ois-Henri Houbart, Andr\u00e9 Isoir \u2020, Jean-Pierre Leguay, Lo\u00efc Malli\u00e9, Louis Robilliard, Daniel Roth, Ren\u00e9 Saorgin \u2020, &hellip; <a href=\"https:\/\/www.orgue-en-france.org\/en\/honorary-board\/\" class=\"more-link\">Continue reading<span class=\"screen-reader-text\"> &#8220;Honorary Board&#8221;<\/span><\/a><\/p>\n","protected":false},"author":1,"featured_media":0,"parent":0,"menu_order":32,"comment_status":"closed","ping_status":"closed","template":"","meta":{"_acf_changed":false,"footnotes":""},"class_list":["post-676","page","type-page","status-publish","hentry"],"acf":[],"yoast_head":"<!-- This site is optimized with the Yoast SEO plugin v27.5 - https:\/\/yoast.com\/product\/yoast-seo-wordpress\/ -->\n<title>Honorary Board - Orgue en France<\/title>\n<meta name=\"robots\" content=\"index, follow, max-snippet:-1, max-image-preview:large, max-video-preview:-1\" \/>\n<link rel=\"canonical\" href=\"https:\/\/www.orgue-en-france.org\/en\/honorary-board\/\" \/>\n<meta property=\"og:locale\" content=\"en_US\" \/>\n<meta property=\"og:type\" content=\"article\" \/>\n<meta property=\"og:title\" content=\"Honorary Board - Orgue en France\" \/>\n<meta property=\"og:description\" content=\"he Honorary Board is composed of leading personalities from the cultural and scientific worlds, and includes: the organists Marie-Claire Alain\u2009\u2020, Suzanne Chaisemartin \u2020, Francis Chapelet, Michel Chapuis \u2020, Pierre Cogen, Thierry Escaich, Bernard Foccroulle, Marie-Louise Girod-Parrot\u2009\u2020, Jean Guillou \u2020, Fran\u00e7ois-Henri Houbart, Andr\u00e9 Isoir \u2020, Jean-Pierre Leguay, Lo\u00efc Malli\u00e9, Louis Robilliard, Daniel Roth, Ren\u00e9 Saorgin \u2020, &hellip; Continue reading &quot;Honorary Board&quot;\" \/>\n<meta property=\"og:url\" content=\"https:\/\/www.orgue-en-france.org\/en\/honorary-board\/\" \/>\n<meta property=\"og:site_name\" content=\"Orgue en France\" \/>\n<meta property=\"article:modified_time\" content=\"2023-11-18T09:08:30+00:00\" \/>\n<meta name=\"twitter:card\" content=\"summary_large_image\" \/>\n<meta name=\"twitter:label1\" content=\"Est. reading time\" \/>\n\t<meta name=\"twitter:data1\" content=\"1 minute\" \/>\n<script type=\"application\/ld+json\" class=\"yoast-schema-graph\">{\"@context\":\"https:\\\/\\\/schema.org\",\"@graph\":[{\"@type\":\"WebPage\",\"@id\":\"https:\\\/\\\/www.orgue-en-france.org\\\/en\\\/honorary-board\\\/\",\"url\":\"https:\\\/\\\/www.orgue-en-france.org\\\/en\\\/honorary-board\\\/\",\"name\":\"Honorary Board - Orgue en France\",\"isPartOf\":{\"@id\":\"https:\\\/\\\/www.orgue-en-france.org\\\/#website\"},\"datePublished\":\"2016-03-23T15:18:18+00:00\",\"dateModified\":\"2023-11-18T09:08:30+00:00\",\"breadcrumb\":{\"@id\":\"https:\\\/\\\/www.orgue-en-france.org\\\/en\\\/honorary-board\\\/#breadcrumb\"},\"inLanguage\":\"en-US\",\"potentialAction\":[{\"@type\":\"ReadAction\",\"target\":[\"https:\\\/\\\/www.orgue-en-france.org\\\/en\\\/honorary-board\\\/\"]}]},{\"@type\":\"BreadcrumbList\",\"@id\":\"https:\\\/\\\/www.orgue-en-france.org\\\/en\\\/honorary-board\\\/#breadcrumb\",\"itemListElement\":[{\"@type\":\"ListItem\",\"position\":1,\"name\":\"Accueil\",\"item\":\"https:\\\/\\\/www.orgue-en-france.org\\\/en\\\/\"},{\"@type\":\"ListItem\",\"position\":2,\"name\":\"Honorary Board\"}]},{\"@type\":\"WebSite\",\"@id\":\"https:\\\/\\\/www.orgue-en-france.org\\\/#website\",\"url\":\"https:\\\/\\\/www.orgue-en-france.org\\\/\",\"name\":\"Orgue en France\",\"description\":\"Orgue en France\",\"potentialAction\":[{\"@type\":\"SearchAction\",\"target\":{\"@type\":\"EntryPoint\",\"urlTemplate\":\"https:\\\/\\\/www.orgue-en-france.org\\\/?s={search_term_string}\"},\"query-input\":{\"@type\":\"PropertyValueSpecification\",\"valueRequired\":true,\"valueName\":\"search_term_string\"}}],\"inLanguage\":\"en-US\"}]}<\/script>\n<!-- \/ Yoast SEO plugin. -->","yoast_head_json":{"title":"Honorary Board - Orgue en France","robots":{"index":"index","follow":"follow","max-snippet":"max-snippet:-1","max-image-preview":"max-image-preview:large","max-video-preview":"max-video-preview:-1"},"canonical":"https:\/\/www.orgue-en-france.org\/en\/honorary-board\/","og_locale":"en_US","og_type":"article","og_title":"Honorary Board - Orgue en France","og_description":"he Honorary Board is composed of leading personalities from the cultural and scientific worlds, and includes: the organists Marie-Claire Alain\u2009\u2020, Suzanne Chaisemartin \u2020, Francis Chapelet, Michel Chapuis \u2020, Pierre Cogen, Thierry Escaich, Bernard Foccroulle, Marie-Louise Girod-Parrot\u2009\u2020, Jean Guillou \u2020, Fran\u00e7ois-Henri Houbart, Andr\u00e9 Isoir \u2020, Jean-Pierre Leguay, Lo\u00efc Malli\u00e9, Louis Robilliard, Daniel Roth, Ren\u00e9 Saorgin \u2020, &hellip; Continue reading \"Honorary Board\"","og_url":"https:\/\/www.orgue-en-france.org\/en\/honorary-board\/","og_site_name":"Orgue en France","article_modified_time":"2023-11-18T09:08:30+00:00","twitter_card":"summary_large_image","twitter_misc":{"Est. reading time":"1 minute"},"schema":{"@context":"https:\/\/schema.org","@graph":[{"@type":"WebPage","@id":"https:\/\/www.orgue-en-france.org\/en\/honorary-board\/","url":"https:\/\/www.orgue-en-france.org\/en\/honorary-board\/","name":"Honorary Board - Orgue en France","isPartOf":{"@id":"https:\/\/www.orgue-en-france.org\/#website"},"datePublished":"2016-03-23T15:18:18+00:00","dateModified":"2023-11-18T09:08:30+00:00","breadcrumb":{"@id":"https:\/\/www.orgue-en-france.org\/en\/honorary-board\/#breadcrumb"},"inLanguage":"en-US","potentialAction":[{"@type":"ReadAction","target":["https:\/\/www.orgue-en-france.org\/en\/honorary-board\/"]}]},{"@type":"BreadcrumbList","@id":"https:\/\/www.orgue-en-france.org\/en\/honorary-board\/#breadcrumb","itemListElement":[{"@type":"ListItem","position":1,"name":"Accueil","item":"https:\/\/www.orgue-en-france.org\/en\/"},{"@type":"ListItem","position":2,"name":"Honorary Board"}]},{"@type":"WebSite","@id":"https:\/\/www.orgue-en-france.org\/#website","url":"https:\/\/www.orgue-en-france.org\/","name":"Orgue en France","description":"Orgue en France","potentialAction":[{"@type":"SearchAction","target":{"@type":"EntryPoint","urlTemplate":"https:\/\/www.orgue-en-france.org\/?s={search_term_string}"},"query-input":{"@type":"PropertyValueSpecification","valueRequired":true,"valueName":"search_term_string"}}],"inLanguage":"en-US"}]}},"_links":{"self":[{"href":"https:\/\/www.orgue-en-france.org\/en\/wp-json\/wp\/v2\/pages\/676","targetHints":{"allow":["GET"]}}],"collection":[{"href":"https:\/\/www.orgue-en-france.org\/en\/wp-json\/wp\/v2\/pages"}],"about":[{"href":"https:\/\/www.orgue-en-france.org\/en\/wp-json\/wp\/v2\/types\/page"}],"author":[{"embeddable":true,"href":"https:\/\/www.orgue-en-france.org\/en\/wp-json\/wp\/v2\/users\/1"}],"replies":[{"embeddable":true,"href":"https:\/\/www.orgue-en-france.org\/en\/wp-json\/wp\/v2\/comments?post=676"}],"version-history":[{"count":4,"href":"https:\/\/www.orgue-en-france.org\/en\/wp-json\/wp\/v2\/pages\/676\/revisions"}],"predecessor-version":[{"id":14558,"href":"https:\/\/www.orgue-en-france.org\/en\/wp-json\/wp\/v2\/pages\/676\/revisions\/14558"}],"wp:attachment":[{"href":"https:\/\/www.orgue-en-france.org\/en\/wp-json\/wp\/v2\/media?parent=676"}],"curies":[{"name":"wp","href":"https:\/\/api.w.org\/{rel}","templated":true}]}}