{"id":673,"date":"2016-03-23T16:18:00","date_gmt":"2016-03-23T15:18:00","guid":{"rendered":"https:\/\/www.orgue-en-france.org\/en\/orgue-en-france\/conseil-dadministration\/"},"modified":"2016-06-16T16:20:01","modified_gmt":"2016-06-16T15:20:01","slug":"board-of-trustees","status":"publish","type":"page","link":"https:\/\/www.orgue-en-france.org\/en\/board-of-trustees\/","title":{"rendered":"Board of Trustees"},"content":{"rendered":"<p>Philippe Lefebvre, President<\/p>\n<p>Henri Chesnais, Vice-President<\/p>\n<p>Olivier Latry, Vice-President<\/p>\n<p>Remi Dropsy, Secretary<\/p>\n<p>Viviane Loriaut, Deputy Secretary<\/p>\n<p>Fran\u00e7ois Gobillard, Treasurer<\/p>\n<p>Robert Persico, Deputy Treasurer<\/p>\n<p>Luc Antonini (Avignon), Philippe Clavi\u00e9 (Bordeaux), Jean-Baptiste Courtois (Paris), Vincent Dubois (Strasbourg), Jean-Baptiste Dupont (Toulouse), Thibaut Duret (Chamb\u00e9ry), Fran\u00e7ois Espinasse (Lyon), R\u00e9my Fombon (Ste Anne d\u2019Auray), Odile Jutten (\u00c9vreux), Jean-Pierre Lecaudey (St R\u00e9my de Provence), V\u00e9ronique Le Guen (Rennes), Ghislain Leroy (Lille), Samuel Li\u00e9geon (Paris), Pascal Marsault (Toulon), Pierre M\u00e9a (Reims), Pascale Rouet (Charleville-M\u00e9zi\u00e8res), Benjamin-Joseph Steens (Reims), Olivier Vernet (Monaco)<\/p>\n","protected":false},"excerpt":{"rendered":"<p>Philippe Lefebvre, President Henri Chesnais, Vice-President Olivier Latry, Vice-President Remi Dropsy, Secretary Viviane Loriaut, Deputy Secretary Fran\u00e7ois Gobillard, Treasurer Robert Persico, Deputy Treasurer Luc Antonini (Avignon), Philippe Clavi\u00e9 (Bordeaux), Jean-Baptiste Courtois (Paris), Vincent Dubois (Strasbourg), Jean-Baptiste Dupont (Toulouse), Thibaut Duret (Chamb\u00e9ry), Fran\u00e7ois Espinasse (Lyon), R\u00e9my Fombon (Ste Anne d\u2019Auray), Odile Jutten (\u00c9vreux), Jean-Pierre Lecaudey (St &hellip; <a href=\"https:\/\/www.orgue-en-france.org\/en\/board-of-trustees\/\" class=\"more-link\">Continue reading<span class=\"screen-reader-text\"> &#8220;Board of Trustees&#8221;<\/span><\/a><\/p>\n","protected":false},"author":1,"featured_media":0,"parent":0,"menu_order":15,"comment_status":"closed","ping_status":"closed","template":"","meta":{"_acf_changed":false,"footnotes":""},"class_list":["post-673","page","type-page","status-publish","hentry"],"acf":[],"yoast_head":"<!-- This site is optimized with the Yoast SEO plugin v27.5 - https:\/\/yoast.com\/product\/yoast-seo-wordpress\/ -->\n<title>Board of Trustees - Orgue en France<\/title>\n<meta name=\"robots\" content=\"index, follow, max-snippet:-1, max-image-preview:large, max-video-preview:-1\" \/>\n<link rel=\"canonical\" href=\"https:\/\/www.orgue-en-france.org\/en\/board-of-trustees\/\" \/>\n<meta property=\"og:locale\" content=\"en_US\" \/>\n<meta property=\"og:type\" content=\"article\" \/>\n<meta property=\"og:title\" content=\"Board of Trustees - Orgue en France\" \/>\n<meta property=\"og:description\" content=\"Philippe Lefebvre, President Henri Chesnais, Vice-President Olivier Latry, Vice-President Remi Dropsy, Secretary Viviane Loriaut, Deputy Secretary Fran\u00e7ois Gobillard, Treasurer Robert Persico, Deputy Treasurer Luc Antonini (Avignon), Philippe Clavi\u00e9 (Bordeaux), Jean-Baptiste Courtois (Paris), Vincent Dubois (Strasbourg), Jean-Baptiste Dupont (Toulouse), Thibaut Duret (Chamb\u00e9ry), Fran\u00e7ois Espinasse (Lyon), R\u00e9my Fombon (Ste Anne d\u2019Auray), Odile Jutten (\u00c9vreux), Jean-Pierre Lecaudey (St &hellip; Continue reading &quot;Board of Trustees&quot;\" \/>\n<meta property=\"og:url\" content=\"https:\/\/www.orgue-en-france.org\/en\/board-of-trustees\/\" \/>\n<meta property=\"og:site_name\" content=\"Orgue en France\" \/>\n<meta property=\"article:modified_time\" content=\"2016-06-16T15:20:01+00:00\" \/>\n<meta name=\"twitter:card\" content=\"summary_large_image\" \/>\n<script type=\"application\/ld+json\" class=\"yoast-schema-graph\">{\"@context\":\"https:\\\/\\\/schema.org\",\"@graph\":[{\"@type\":\"WebPage\",\"@id\":\"https:\\\/\\\/www.orgue-en-france.org\\\/en\\\/board-of-trustees\\\/\",\"url\":\"https:\\\/\\\/www.orgue-en-france.org\\\/en\\\/board-of-trustees\\\/\",\"name\":\"Board of Trustees - Orgue en France\",\"isPartOf\":{\"@id\":\"https:\\\/\\\/www.orgue-en-france.org\\\/#website\"},\"datePublished\":\"2016-03-23T15:18:00+00:00\",\"dateModified\":\"2016-06-16T15:20:01+00:00\",\"breadcrumb\":{\"@id\":\"https:\\\/\\\/www.orgue-en-france.org\\\/en\\\/board-of-trustees\\\/#breadcrumb\"},\"inLanguage\":\"en-US\",\"potentialAction\":[{\"@type\":\"ReadAction\",\"target\":[\"https:\\\/\\\/www.orgue-en-france.org\\\/en\\\/board-of-trustees\\\/\"]}]},{\"@type\":\"BreadcrumbList\",\"@id\":\"https:\\\/\\\/www.orgue-en-france.org\\\/en\\\/board-of-trustees\\\/#breadcrumb\",\"itemListElement\":[{\"@type\":\"ListItem\",\"position\":1,\"name\":\"Accueil\",\"item\":\"https:\\\/\\\/www.orgue-en-france.org\\\/en\\\/\"},{\"@type\":\"ListItem\",\"position\":2,\"name\":\"Board of Trustees\"}]},{\"@type\":\"WebSite\",\"@id\":\"https:\\\/\\\/www.orgue-en-france.org\\\/#website\",\"url\":\"https:\\\/\\\/www.orgue-en-france.org\\\/\",\"name\":\"Orgue en France\",\"description\":\"Orgue en France\",\"potentialAction\":[{\"@type\":\"SearchAction\",\"target\":{\"@type\":\"EntryPoint\",\"urlTemplate\":\"https:\\\/\\\/www.orgue-en-france.org\\\/?s={search_term_string}\"},\"query-input\":{\"@type\":\"PropertyValueSpecification\",\"valueRequired\":true,\"valueName\":\"search_term_string\"}}],\"inLanguage\":\"en-US\"}]}<\/script>\n<!-- \/ Yoast SEO plugin. -->","yoast_head_json":{"title":"Board of Trustees - Orgue en France","robots":{"index":"index","follow":"follow","max-snippet":"max-snippet:-1","max-image-preview":"max-image-preview:large","max-video-preview":"max-video-preview:-1"},"canonical":"https:\/\/www.orgue-en-france.org\/en\/board-of-trustees\/","og_locale":"en_US","og_type":"article","og_title":"Board of Trustees - Orgue en France","og_description":"Philippe Lefebvre, President Henri Chesnais, Vice-President Olivier Latry, Vice-President Remi Dropsy, Secretary Viviane Loriaut, Deputy Secretary Fran\u00e7ois Gobillard, Treasurer Robert Persico, Deputy Treasurer Luc Antonini (Avignon), Philippe Clavi\u00e9 (Bordeaux), Jean-Baptiste Courtois (Paris), Vincent Dubois (Strasbourg), Jean-Baptiste Dupont (Toulouse), Thibaut Duret (Chamb\u00e9ry), Fran\u00e7ois Espinasse (Lyon), R\u00e9my Fombon (Ste Anne d\u2019Auray), Odile Jutten (\u00c9vreux), Jean-Pierre Lecaudey (St &hellip; Continue reading \"Board of Trustees\"","og_url":"https:\/\/www.orgue-en-france.org\/en\/board-of-trustees\/","og_site_name":"Orgue en France","article_modified_time":"2016-06-16T15:20:01+00:00","twitter_card":"summary_large_image","schema":{"@context":"https:\/\/schema.org","@graph":[{"@type":"WebPage","@id":"https:\/\/www.orgue-en-france.org\/en\/board-of-trustees\/","url":"https:\/\/www.orgue-en-france.org\/en\/board-of-trustees\/","name":"Board of Trustees - Orgue en France","isPartOf":{"@id":"https:\/\/www.orgue-en-france.org\/#website"},"datePublished":"2016-03-23T15:18:00+00:00","dateModified":"2016-06-16T15:20:01+00:00","breadcrumb":{"@id":"https:\/\/www.orgue-en-france.org\/en\/board-of-trustees\/#breadcrumb"},"inLanguage":"en-US","potentialAction":[{"@type":"ReadAction","target":["https:\/\/www.orgue-en-france.org\/en\/board-of-trustees\/"]}]},{"@type":"BreadcrumbList","@id":"https:\/\/www.orgue-en-france.org\/en\/board-of-trustees\/#breadcrumb","itemListElement":[{"@type":"ListItem","position":1,"name":"Accueil","item":"https:\/\/www.orgue-en-france.org\/en\/"},{"@type":"ListItem","position":2,"name":"Board of Trustees"}]},{"@type":"WebSite","@id":"https:\/\/www.orgue-en-france.org\/#website","url":"https:\/\/www.orgue-en-france.org\/","name":"Orgue en France","description":"Orgue en France","potentialAction":[{"@type":"SearchAction","target":{"@type":"EntryPoint","urlTemplate":"https:\/\/www.orgue-en-france.org\/?s={search_term_string}"},"query-input":{"@type":"PropertyValueSpecification","valueRequired":true,"valueName":"search_term_string"}}],"inLanguage":"en-US"}]}},"_links":{"self":[{"href":"https:\/\/www.orgue-en-france.org\/en\/wp-json\/wp\/v2\/pages\/673","targetHints":{"allow":["GET"]}}],"collection":[{"href":"https:\/\/www.orgue-en-france.org\/en\/wp-json\/wp\/v2\/pages"}],"about":[{"href":"https:\/\/www.orgue-en-france.org\/en\/wp-json\/wp\/v2\/types\/page"}],"author":[{"embeddable":true,"href":"https:\/\/www.orgue-en-france.org\/en\/wp-json\/wp\/v2\/users\/1"}],"replies":[{"embeddable":true,"href":"https:\/\/www.orgue-en-france.org\/en\/wp-json\/wp\/v2\/comments?post=673"}],"version-history":[{"count":1,"href":"https:\/\/www.orgue-en-france.org\/en\/wp-json\/wp\/v2\/pages\/673\/revisions"}],"predecessor-version":[{"id":674,"href":"https:\/\/www.orgue-en-france.org\/en\/wp-json\/wp\/v2\/pages\/673\/revisions\/674"}],"wp:attachment":[{"href":"https:\/\/www.orgue-en-france.org\/en\/wp-json\/wp\/v2\/media?parent=673"}],"curies":[{"name":"wp","href":"https:\/\/api.w.org\/{rel}","templated":true}]}}